{"id":24,"date":"2022-11-27T19:35:21","date_gmt":"2022-11-27T19:35:21","guid":{"rendered":"https:\/\/mackapino.se\/?page_id=24"},"modified":"2023-05-10T19:23:50","modified_gmt":"2023-05-10T19:23:50","slug":"kurser","status":"publish","type":"page","link":"https:\/\/mackapino.se\/?page_id=24","title":{"rendered":"Kurser"},"content":{"rendered":"\t\t<div data-elementor-type=\"wp-page\" data-elementor-id=\"24\" class=\"elementor elementor-24\">\n\t\t\t\t\t\t<section class=\"elementor-section elementor-top-section elementor-element elementor-element-a158680 elementor-section-boxed elementor-section-height-default elementor-section-height-default\" data-id=\"a158680\" data-element_type=\"section\" data-e-type=\"section\">\n\t\t\t\t\t\t<div class=\"elementor-container elementor-column-gap-default\">\n\t\t\t\t\t<div class=\"elementor-column elementor-col-100 elementor-top-column elementor-element elementor-element-849d66a\" data-id=\"849d66a\" data-element_type=\"column\" data-e-type=\"column\">\n\t\t\t<div class=\"elementor-widget-wrap elementor-element-populated\">\n\t\t\t\t\t\t<div class=\"elementor-element elementor-element-c35cc7d elementor-widget elementor-widget-text-editor\" data-id=\"c35cc7d\" data-element_type=\"widget\" data-e-type=\"widget\" data-widget_type=\"text-editor.default\">\n\t\t\t\t<div class=\"elementor-widget-container\">\n\t\t\t\t\t\t\t\t\t<p>F\u00f6r tillf\u00e4llet \u00e4r kursverksamheten pausad.&nbsp;<\/p>\t\t\t\t\t\t\t\t<\/div>\n\t\t\t\t<\/div>\n\t\t\t\t\t<\/div>\n\t\t<\/div>\n\t\t\t\t\t<\/div>\n\t\t<\/section>\n\t\t\t\t<\/div>\n\t\t","protected":false},"excerpt":{"rendered":"<p>F\u00f6r tillf\u00e4llet \u00e4r kursverksamheten pausad.&nbsp;<\/p>\n","protected":false},"author":1,"featured_media":0,"parent":0,"menu_order":0,"comment_status":"closed","ping_status":"closed","template":"","meta":{"footnotes":""},"class_list":["post-24","page","type-page","status-publish","hentry"],"yoast_head":"<!-- This site is optimized with the Yoast SEO plugin v27.5 - https:\/\/yoast.com\/product\/yoast-seo-wordpress\/ -->\n<title>Kurser -<\/title>\n<meta name=\"robots\" content=\"index, follow, max-snippet:-1, max-image-preview:large, max-video-preview:-1\" \/>\n<link rel=\"canonical\" href=\"https:\/\/mackapino.se\/?page_id=24\" \/>\n<meta property=\"og:locale\" content=\"sv_SE\" \/>\n<meta property=\"og:type\" content=\"article\" \/>\n<meta property=\"og:title\" content=\"Kurser -\" \/>\n<meta property=\"og:description\" content=\"F\u00f6r tillf\u00e4llet \u00e4r kursverksamheten pausad.&nbsp;\" \/>\n<meta property=\"og:url\" content=\"https:\/\/mackapino.se\/?page_id=24\" \/>\n<meta property=\"article:modified_time\" content=\"2023-05-10T19:23:50+00:00\" \/>\n<meta name=\"twitter:card\" content=\"summary_large_image\" \/>\n<meta name=\"twitter:label1\" content=\"Ber\u00e4knad l\u00e4stid\" \/>\n\t<meta name=\"twitter:data1\" content=\"1 minut\" \/>\n<script type=\"application\/ld+json\" class=\"yoast-schema-graph\">{\"@context\":\"https:\\\/\\\/schema.org\",\"@graph\":[{\"@type\":\"WebPage\",\"@id\":\"https:\\\/\\\/mackapino.se\\\/?page_id=24\",\"url\":\"https:\\\/\\\/mackapino.se\\\/?page_id=24\",\"name\":\"Kurser -\",\"isPartOf\":{\"@id\":\"https:\\\/\\\/mackapino.se\\\/#website\"},\"datePublished\":\"2022-11-27T19:35:21+00:00\",\"dateModified\":\"2023-05-10T19:23:50+00:00\",\"breadcrumb\":{\"@id\":\"https:\\\/\\\/mackapino.se\\\/?page_id=24#breadcrumb\"},\"inLanguage\":\"sv-SE\",\"potentialAction\":[{\"@type\":\"ReadAction\",\"target\":[\"https:\\\/\\\/mackapino.se\\\/?page_id=24\"]}]},{\"@type\":\"BreadcrumbList\",\"@id\":\"https:\\\/\\\/mackapino.se\\\/?page_id=24#breadcrumb\",\"itemListElement\":[{\"@type\":\"ListItem\",\"position\":1,\"name\":\"Hem\",\"item\":\"https:\\\/\\\/mackapino.se\\\/\"},{\"@type\":\"ListItem\",\"position\":2,\"name\":\"Kurser\"}]},{\"@type\":\"WebSite\",\"@id\":\"https:\\\/\\\/mackapino.se\\\/#website\",\"url\":\"https:\\\/\\\/mackapino.se\\\/\",\"name\":\"\",\"description\":\"\",\"potentialAction\":[{\"@type\":\"SearchAction\",\"target\":{\"@type\":\"EntryPoint\",\"urlTemplate\":\"https:\\\/\\\/mackapino.se\\\/?s={search_term_string}\"},\"query-input\":{\"@type\":\"PropertyValueSpecification\",\"valueRequired\":true,\"valueName\":\"search_term_string\"}}],\"inLanguage\":\"sv-SE\"}]}<\/script>\n<!-- \/ Yoast SEO plugin. -->","yoast_head_json":{"title":"Kurser -","robots":{"index":"index","follow":"follow","max-snippet":"max-snippet:-1","max-image-preview":"max-image-preview:large","max-video-preview":"max-video-preview:-1"},"canonical":"https:\/\/mackapino.se\/?page_id=24","og_locale":"sv_SE","og_type":"article","og_title":"Kurser -","og_description":"F\u00f6r tillf\u00e4llet \u00e4r kursverksamheten pausad.&nbsp;","og_url":"https:\/\/mackapino.se\/?page_id=24","article_modified_time":"2023-05-10T19:23:50+00:00","twitter_card":"summary_large_image","twitter_misc":{"Ber\u00e4knad l\u00e4stid":"1 minut"},"schema":{"@context":"https:\/\/schema.org","@graph":[{"@type":"WebPage","@id":"https:\/\/mackapino.se\/?page_id=24","url":"https:\/\/mackapino.se\/?page_id=24","name":"Kurser -","isPartOf":{"@id":"https:\/\/mackapino.se\/#website"},"datePublished":"2022-11-27T19:35:21+00:00","dateModified":"2023-05-10T19:23:50+00:00","breadcrumb":{"@id":"https:\/\/mackapino.se\/?page_id=24#breadcrumb"},"inLanguage":"sv-SE","potentialAction":[{"@type":"ReadAction","target":["https:\/\/mackapino.se\/?page_id=24"]}]},{"@type":"BreadcrumbList","@id":"https:\/\/mackapino.se\/?page_id=24#breadcrumb","itemListElement":[{"@type":"ListItem","position":1,"name":"Hem","item":"https:\/\/mackapino.se\/"},{"@type":"ListItem","position":2,"name":"Kurser"}]},{"@type":"WebSite","@id":"https:\/\/mackapino.se\/#website","url":"https:\/\/mackapino.se\/","name":"","description":"","potentialAction":[{"@type":"SearchAction","target":{"@type":"EntryPoint","urlTemplate":"https:\/\/mackapino.se\/?s={search_term_string}"},"query-input":{"@type":"PropertyValueSpecification","valueRequired":true,"valueName":"search_term_string"}}],"inLanguage":"sv-SE"}]}},"_links":{"self":[{"href":"https:\/\/mackapino.se\/index.php?rest_route=\/wp\/v2\/pages\/24","targetHints":{"allow":["GET"]}}],"collection":[{"href":"https:\/\/mackapino.se\/index.php?rest_route=\/wp\/v2\/pages"}],"about":[{"href":"https:\/\/mackapino.se\/index.php?rest_route=\/wp\/v2\/types\/page"}],"author":[{"embeddable":true,"href":"https:\/\/mackapino.se\/index.php?rest_route=\/wp\/v2\/users\/1"}],"replies":[{"embeddable":true,"href":"https:\/\/mackapino.se\/index.php?rest_route=%2Fwp%2Fv2%2Fcomments&post=24"}],"version-history":[{"count":4,"href":"https:\/\/mackapino.se\/index.php?rest_route=\/wp\/v2\/pages\/24\/revisions"}],"predecessor-version":[{"id":195,"href":"https:\/\/mackapino.se\/index.php?rest_route=\/wp\/v2\/pages\/24\/revisions\/195"}],"wp:attachment":[{"href":"https:\/\/mackapino.se\/index.php?rest_route=%2Fwp%2Fv2%2Fmedia&parent=24"}],"curies":[{"name":"wp","href":"https:\/\/api.w.org\/{rel}","templated":true}]}}