{"id":25,"date":"2022-11-27T19:35:21","date_gmt":"2022-11-27T19:35:21","guid":{"rendered":"https:\/\/mackapino.se\/?page_id=25"},"modified":"2023-04-14T18:04:50","modified_gmt":"2023-04-14T18:04:50","slug":"om","status":"publish","type":"page","link":"https:\/\/mackapino.se\/?page_id=25","title":{"rendered":"Om"},"content":{"rendered":"\t\t<div data-elementor-type=\"wp-page\" data-elementor-id=\"25\" class=\"elementor elementor-25\">\n\t\t\t\t\t\t<section class=\"elementor-section elementor-top-section elementor-element elementor-element-45ecc11 elementor-section-boxed elementor-section-height-default elementor-section-height-default\" data-id=\"45ecc11\" data-element_type=\"section\" data-e-type=\"section\">\n\t\t\t\t\t\t<div class=\"elementor-container elementor-column-gap-default\">\n\t\t\t\t\t<div class=\"elementor-column elementor-col-50 elementor-top-column elementor-element elementor-element-aabca25\" data-id=\"aabca25\" data-element_type=\"column\" data-e-type=\"column\">\n\t\t\t<div class=\"elementor-widget-wrap elementor-element-populated\">\n\t\t\t\t\t\t<div class=\"elementor-element elementor-element-7f584b8 elementor-widget elementor-widget-image\" data-id=\"7f584b8\" data-element_type=\"widget\" data-e-type=\"widget\" data-widget_type=\"image.default\">\n\t\t\t\t<div class=\"elementor-widget-container\">\n\t\t\t\t\t\t\t\t\t\t\t\t\t\t\t<img fetchpriority=\"high\" decoding=\"async\" width=\"1024\" height=\"768\" src=\"https:\/\/mackapino.se\/wp-content\/uploads\/2022\/11\/8C69DE94-8A78-4965-A3A9-290DD1D8DC13-1024x768.jpg\" class=\"attachment-large size-large wp-image-12\" alt=\"\" srcset=\"https:\/\/mackapino.se\/wp-content\/uploads\/2022\/11\/8C69DE94-8A78-4965-A3A9-290DD1D8DC13-1024x768.jpg 1024w, https:\/\/mackapino.se\/wp-content\/uploads\/2022\/11\/8C69DE94-8A78-4965-A3A9-290DD1D8DC13-300x225.jpg 300w, https:\/\/mackapino.se\/wp-content\/uploads\/2022\/11\/8C69DE94-8A78-4965-A3A9-290DD1D8DC13-768x576.jpg 768w, https:\/\/mackapino.se\/wp-content\/uploads\/2022\/11\/8C69DE94-8A78-4965-A3A9-290DD1D8DC13-1536x1152.jpg 1536w, https:\/\/mackapino.se\/wp-content\/uploads\/2022\/11\/8C69DE94-8A78-4965-A3A9-290DD1D8DC13-2048x1536.jpg 2048w, https:\/\/mackapino.se\/wp-content\/uploads\/2022\/11\/8C69DE94-8A78-4965-A3A9-290DD1D8DC13-600x450.jpg 600w\" sizes=\"(max-width: 1024px) 100vw, 1024px\" \/>\t\t\t\t\t\t\t\t\t\t\t\t\t\t\t<\/div>\n\t\t\t\t<\/div>\n\t\t\t\t\t<\/div>\n\t\t<\/div>\n\t\t\t\t<div class=\"elementor-column elementor-col-50 elementor-top-column elementor-element elementor-element-2881d3c\" data-id=\"2881d3c\" data-element_type=\"column\" data-e-type=\"column\">\n\t\t\t<div class=\"elementor-widget-wrap elementor-element-populated\">\n\t\t\t\t\t\t<div class=\"elementor-element elementor-element-e2d2ddc elementor-widget elementor-widget-text-editor\" data-id=\"e2d2ddc\" data-element_type=\"widget\" data-e-type=\"widget\" data-widget_type=\"text-editor.default\">\n\t\t\t\t<div class=\"elementor-widget-container\">\n\t\t\t\t\t\t\t\t\t<p class=\"p1\">Mackapino \u00e4r ett litet lokalt keramikm\u00e4rke fr\u00e5n Bor\u00e5s.<\/p>\n<p class=\"p1\">Bakom Mackapino st\u00e5r jag, keramikern Felicia Enander. Min passion drivs av att skapa vackra bruksf\u00f6rem\u00e5l som g\u00f6r en enkel frukost till n\u00e5got alldeles extra.<\/p>\n<p class=\"p1\"><br \/>Med Mackapino vill jag f\u00f6rmedla en gl\u00e4dje och hemtrevlig k\u00e4nsla som dyker upp varje g\u00e5ng du h\u00e4ller upp kaffe i din favoritkopp.<\/p>\n<p class=\"p1\">F\u00f6lj g\u00e4rna mig och min keramikresa p\u00e5 instagram under kontot mackapino.<\/p>\n<p class=\"p1\">Med k\u00e4rlek och respekt,<\/p>\n<p class=\"p1\">Felicia<\/p>\t\t\t\t\t\t\t\t<\/div>\n\t\t\t\t<\/div>\n\t\t\t\t\t<\/div>\n\t\t<\/div>\n\t\t\t\t\t<\/div>\n\t\t<\/section>\n\t\t\t\t<\/div>\n\t\t","protected":false},"excerpt":{"rendered":"<p>Mackapino \u00e4r ett litet lokalt keramikm\u00e4rke fr\u00e5n Bor\u00e5s. Bakom Mackapino st\u00e5r jag, keramikern Felicia Enander. Min passion drivs av att skapa vackra bruksf\u00f6rem\u00e5l som g\u00f6r en enkel frukost till n\u00e5got alldeles extra. Med Mackapino vill jag f\u00f6rmedla en gl\u00e4dje och hemtrevlig k\u00e4nsla som dyker upp varje g\u00e5ng du h\u00e4ller upp kaffe i din favoritkopp. F\u00f6lj &hellip; <\/p>\n","protected":false},"author":1,"featured_media":0,"parent":0,"menu_order":0,"comment_status":"closed","ping_status":"closed","template":"","meta":{"footnotes":""},"class_list":["post-25","page","type-page","status-publish","hentry"],"yoast_head":"<!-- This site is optimized with the Yoast SEO plugin v27.5 - https:\/\/yoast.com\/product\/yoast-seo-wordpress\/ -->\n<title>Om -<\/title>\n<meta name=\"robots\" content=\"index, follow, max-snippet:-1, max-image-preview:large, max-video-preview:-1\" \/>\n<link rel=\"canonical\" href=\"https:\/\/mackapino.se\/?page_id=25\" \/>\n<meta property=\"og:locale\" content=\"sv_SE\" \/>\n<meta property=\"og:type\" content=\"article\" \/>\n<meta property=\"og:title\" content=\"Om -\" \/>\n<meta property=\"og:description\" content=\"Mackapino \u00e4r ett litet lokalt keramikm\u00e4rke fr\u00e5n Bor\u00e5s. Bakom Mackapino st\u00e5r jag, keramikern Felicia Enander. Min passion drivs av att skapa vackra bruksf\u00f6rem\u00e5l som g\u00f6r en enkel frukost till n\u00e5got alldeles extra. Med Mackapino vill jag f\u00f6rmedla en gl\u00e4dje och hemtrevlig k\u00e4nsla som dyker upp varje g\u00e5ng du h\u00e4ller upp kaffe i din favoritkopp. F\u00f6lj &hellip;\" \/>\n<meta property=\"og:url\" content=\"https:\/\/mackapino.se\/?page_id=25\" \/>\n<meta property=\"article:modified_time\" content=\"2023-04-14T18:04:50+00:00\" \/>\n<meta property=\"og:image\" content=\"https:\/\/mackapino.se\/wp-content\/uploads\/2022\/11\/8C69DE94-8A78-4965-A3A9-290DD1D8DC13-1024x768.jpg\" \/>\n<meta name=\"twitter:card\" content=\"summary_large_image\" \/>\n<meta name=\"twitter:label1\" content=\"Ber\u00e4knad l\u00e4stid\" \/>\n\t<meta name=\"twitter:data1\" content=\"1 minut\" \/>\n<script type=\"application\/ld+json\" class=\"yoast-schema-graph\">{\"@context\":\"https:\\\/\\\/schema.org\",\"@graph\":[{\"@type\":\"WebPage\",\"@id\":\"https:\\\/\\\/mackapino.se\\\/?page_id=25\",\"url\":\"https:\\\/\\\/mackapino.se\\\/?page_id=25\",\"name\":\"Om -\",\"isPartOf\":{\"@id\":\"https:\\\/\\\/mackapino.se\\\/#website\"},\"primaryImageOfPage\":{\"@id\":\"https:\\\/\\\/mackapino.se\\\/?page_id=25#primaryimage\"},\"image\":{\"@id\":\"https:\\\/\\\/mackapino.se\\\/?page_id=25#primaryimage\"},\"thumbnailUrl\":\"https:\\\/\\\/mackapino.se\\\/wp-content\\\/uploads\\\/2022\\\/11\\\/8C69DE94-8A78-4965-A3A9-290DD1D8DC13-1024x768.jpg\",\"datePublished\":\"2022-11-27T19:35:21+00:00\",\"dateModified\":\"2023-04-14T18:04:50+00:00\",\"breadcrumb\":{\"@id\":\"https:\\\/\\\/mackapino.se\\\/?page_id=25#breadcrumb\"},\"inLanguage\":\"sv-SE\",\"potentialAction\":[{\"@type\":\"ReadAction\",\"target\":[\"https:\\\/\\\/mackapino.se\\\/?page_id=25\"]}]},{\"@type\":\"ImageObject\",\"inLanguage\":\"sv-SE\",\"@id\":\"https:\\\/\\\/mackapino.se\\\/?page_id=25#primaryimage\",\"url\":\"https:\\\/\\\/mackapino.se\\\/wp-content\\\/uploads\\\/2022\\\/11\\\/8C69DE94-8A78-4965-A3A9-290DD1D8DC13-scaled.jpg\",\"contentUrl\":\"https:\\\/\\\/mackapino.se\\\/wp-content\\\/uploads\\\/2022\\\/11\\\/8C69DE94-8A78-4965-A3A9-290DD1D8DC13-scaled.jpg\",\"width\":2560,\"height\":1920},{\"@type\":\"BreadcrumbList\",\"@id\":\"https:\\\/\\\/mackapino.se\\\/?page_id=25#breadcrumb\",\"itemListElement\":[{\"@type\":\"ListItem\",\"position\":1,\"name\":\"Hem\",\"item\":\"https:\\\/\\\/mackapino.se\\\/\"},{\"@type\":\"ListItem\",\"position\":2,\"name\":\"Om\"}]},{\"@type\":\"WebSite\",\"@id\":\"https:\\\/\\\/mackapino.se\\\/#website\",\"url\":\"https:\\\/\\\/mackapino.se\\\/\",\"name\":\"\",\"description\":\"\",\"potentialAction\":[{\"@type\":\"SearchAction\",\"target\":{\"@type\":\"EntryPoint\",\"urlTemplate\":\"https:\\\/\\\/mackapino.se\\\/?s={search_term_string}\"},\"query-input\":{\"@type\":\"PropertyValueSpecification\",\"valueRequired\":true,\"valueName\":\"search_term_string\"}}],\"inLanguage\":\"sv-SE\"}]}<\/script>\n<!-- \/ Yoast SEO plugin. -->","yoast_head_json":{"title":"Om -","robots":{"index":"index","follow":"follow","max-snippet":"max-snippet:-1","max-image-preview":"max-image-preview:large","max-video-preview":"max-video-preview:-1"},"canonical":"https:\/\/mackapino.se\/?page_id=25","og_locale":"sv_SE","og_type":"article","og_title":"Om -","og_description":"Mackapino \u00e4r ett litet lokalt keramikm\u00e4rke fr\u00e5n Bor\u00e5s. Bakom Mackapino st\u00e5r jag, keramikern Felicia Enander. Min passion drivs av att skapa vackra bruksf\u00f6rem\u00e5l som g\u00f6r en enkel frukost till n\u00e5got alldeles extra. Med Mackapino vill jag f\u00f6rmedla en gl\u00e4dje och hemtrevlig k\u00e4nsla som dyker upp varje g\u00e5ng du h\u00e4ller upp kaffe i din favoritkopp. F\u00f6lj &hellip;","og_url":"https:\/\/mackapino.se\/?page_id=25","article_modified_time":"2023-04-14T18:04:50+00:00","og_image":[{"url":"https:\/\/mackapino.se\/wp-content\/uploads\/2022\/11\/8C69DE94-8A78-4965-A3A9-290DD1D8DC13-1024x768.jpg","type":"","width":"","height":""}],"twitter_card":"summary_large_image","twitter_misc":{"Ber\u00e4knad l\u00e4stid":"1 minut"},"schema":{"@context":"https:\/\/schema.org","@graph":[{"@type":"WebPage","@id":"https:\/\/mackapino.se\/?page_id=25","url":"https:\/\/mackapino.se\/?page_id=25","name":"Om -","isPartOf":{"@id":"https:\/\/mackapino.se\/#website"},"primaryImageOfPage":{"@id":"https:\/\/mackapino.se\/?page_id=25#primaryimage"},"image":{"@id":"https:\/\/mackapino.se\/?page_id=25#primaryimage"},"thumbnailUrl":"https:\/\/mackapino.se\/wp-content\/uploads\/2022\/11\/8C69DE94-8A78-4965-A3A9-290DD1D8DC13-1024x768.jpg","datePublished":"2022-11-27T19:35:21+00:00","dateModified":"2023-04-14T18:04:50+00:00","breadcrumb":{"@id":"https:\/\/mackapino.se\/?page_id=25#breadcrumb"},"inLanguage":"sv-SE","potentialAction":[{"@type":"ReadAction","target":["https:\/\/mackapino.se\/?page_id=25"]}]},{"@type":"ImageObject","inLanguage":"sv-SE","@id":"https:\/\/mackapino.se\/?page_id=25#primaryimage","url":"https:\/\/mackapino.se\/wp-content\/uploads\/2022\/11\/8C69DE94-8A78-4965-A3A9-290DD1D8DC13-scaled.jpg","contentUrl":"https:\/\/mackapino.se\/wp-content\/uploads\/2022\/11\/8C69DE94-8A78-4965-A3A9-290DD1D8DC13-scaled.jpg","width":2560,"height":1920},{"@type":"BreadcrumbList","@id":"https:\/\/mackapino.se\/?page_id=25#breadcrumb","itemListElement":[{"@type":"ListItem","position":1,"name":"Hem","item":"https:\/\/mackapino.se\/"},{"@type":"ListItem","position":2,"name":"Om"}]},{"@type":"WebSite","@id":"https:\/\/mackapino.se\/#website","url":"https:\/\/mackapino.se\/","name":"","description":"","potentialAction":[{"@type":"SearchAction","target":{"@type":"EntryPoint","urlTemplate":"https:\/\/mackapino.se\/?s={search_term_string}"},"query-input":{"@type":"PropertyValueSpecification","valueRequired":true,"valueName":"search_term_string"}}],"inLanguage":"sv-SE"}]}},"_links":{"self":[{"href":"https:\/\/mackapino.se\/index.php?rest_route=\/wp\/v2\/pages\/25","targetHints":{"allow":["GET"]}}],"collection":[{"href":"https:\/\/mackapino.se\/index.php?rest_route=\/wp\/v2\/pages"}],"about":[{"href":"https:\/\/mackapino.se\/index.php?rest_route=\/wp\/v2\/types\/page"}],"author":[{"embeddable":true,"href":"https:\/\/mackapino.se\/index.php?rest_route=\/wp\/v2\/users\/1"}],"replies":[{"embeddable":true,"href":"https:\/\/mackapino.se\/index.php?rest_route=%2Fwp%2Fv2%2Fcomments&post=25"}],"version-history":[{"count":12,"href":"https:\/\/mackapino.se\/index.php?rest_route=\/wp\/v2\/pages\/25\/revisions"}],"predecessor-version":[{"id":171,"href":"https:\/\/mackapino.se\/index.php?rest_route=\/wp\/v2\/pages\/25\/revisions\/171"}],"wp:attachment":[{"href":"https:\/\/mackapino.se\/index.php?rest_route=%2Fwp%2Fv2%2Fmedia&parent=25"}],"curies":[{"name":"wp","href":"https:\/\/api.w.org\/{rel}","templated":true}]}}