{"id":27,"date":"2022-11-27T19:35:21","date_gmt":"2022-11-27T19:35:21","guid":{"rendered":"https:\/\/mackapino.se\/?page_id=27"},"modified":"2023-04-14T17:56:25","modified_gmt":"2023-04-14T17:56:25","slug":"konst","status":"publish","type":"page","link":"https:\/\/mackapino.se\/?page_id=27","title":{"rendered":"Konst"},"content":{"rendered":"\t\t<div data-elementor-type=\"wp-page\" data-elementor-id=\"27\" class=\"elementor elementor-27\">\n\t\t\t\t\t\t<section class=\"elementor-section elementor-top-section elementor-element elementor-element-0bbd115 elementor-section-boxed elementor-section-height-default elementor-section-height-default\" data-id=\"0bbd115\" data-element_type=\"section\" data-e-type=\"section\">\n\t\t\t\t\t\t<div class=\"elementor-container elementor-column-gap-default\">\n\t\t\t\t\t<div class=\"elementor-column elementor-col-33 elementor-top-column elementor-element elementor-element-faa25dd\" data-id=\"faa25dd\" data-element_type=\"column\" data-e-type=\"column\">\n\t\t\t<div class=\"elementor-widget-wrap elementor-element-populated\">\n\t\t\t\t\t\t<div class=\"elementor-element elementor-element-fea1ba7 elementor-widget elementor-widget-image\" data-id=\"fea1ba7\" data-element_type=\"widget\" data-e-type=\"widget\" data-widget_type=\"image.default\">\n\t\t\t\t<div class=\"elementor-widget-container\">\n\t\t\t\t\t\t\t\t\t\t\t\t\t\t\t<img fetchpriority=\"high\" decoding=\"async\" width=\"1024\" height=\"1024\" src=\"https:\/\/mackapino.se\/wp-content\/uploads\/2023\/04\/B90205BD-19CE-4549-9F41-779C4A10CFBB-1024x1024.jpg\" class=\"attachment-large size-large wp-image-156\" alt=\"\" srcset=\"https:\/\/mackapino.se\/wp-content\/uploads\/2023\/04\/B90205BD-19CE-4549-9F41-779C4A10CFBB-1024x1024.jpg 1024w, https:\/\/mackapino.se\/wp-content\/uploads\/2023\/04\/B90205BD-19CE-4549-9F41-779C4A10CFBB-300x300.jpg 300w, https:\/\/mackapino.se\/wp-content\/uploads\/2023\/04\/B90205BD-19CE-4549-9F41-779C4A10CFBB-150x150.jpg 150w, https:\/\/mackapino.se\/wp-content\/uploads\/2023\/04\/B90205BD-19CE-4549-9F41-779C4A10CFBB-768x768.jpg 768w, https:\/\/mackapino.se\/wp-content\/uploads\/2023\/04\/B90205BD-19CE-4549-9F41-779C4A10CFBB-600x600.jpg 600w, https:\/\/mackapino.se\/wp-content\/uploads\/2023\/04\/B90205BD-19CE-4549-9F41-779C4A10CFBB-100x100.jpg 100w, https:\/\/mackapino.se\/wp-content\/uploads\/2023\/04\/B90205BD-19CE-4549-9F41-779C4A10CFBB.jpg 1200w\" sizes=\"(max-width: 1024px) 100vw, 1024px\" \/>\t\t\t\t\t\t\t\t\t\t\t\t\t\t\t<\/div>\n\t\t\t\t<\/div>\n\t\t\t\t\t<\/div>\n\t\t<\/div>\n\t\t\t\t<div class=\"elementor-column elementor-col-33 elementor-top-column elementor-element elementor-element-bb3b43f\" data-id=\"bb3b43f\" data-element_type=\"column\" data-e-type=\"column\">\n\t\t\t<div class=\"elementor-widget-wrap elementor-element-populated\">\n\t\t\t\t\t\t<div class=\"elementor-element elementor-element-6557720 elementor-widget__width-inherit elementor-absolute elementor-widget elementor-widget-text-editor\" data-id=\"6557720\" data-element_type=\"widget\" data-e-type=\"widget\" data-settings=\"{&quot;_position&quot;:&quot;absolute&quot;}\" data-widget_type=\"text-editor.default\">\n\t\t\t\t<div class=\"elementor-widget-container\">\n\t\t\t\t\t\t\t\t\t<p class=\"p1\">Jag har alltid \u00e4lskat naturen. Det \u00e4r d\u00e4r jag samlar kraft och hittar mycket av min inspiration.<\/p><p class=\"p1\">De senaste \u00e5ren har jag velat hitta ett s\u00e4tt att jobba med naturen och tillslut resulterade det helt enkelt i tv\u00e5 stycken print.<\/p><p class=\"p1\">Dessa print visar fantastiska blommor fr\u00e5n en av mina favoritplatser p\u00e5 jorden. \u00d6land!<\/p>\t\t\t\t\t\t\t\t<\/div>\n\t\t\t\t<\/div>\n\t\t\t\t\t<\/div>\n\t\t<\/div>\n\t\t\t\t<div class=\"elementor-column elementor-col-33 elementor-top-column elementor-element elementor-element-3a9767c\" data-id=\"3a9767c\" data-element_type=\"column\" data-e-type=\"column\">\n\t\t\t<div class=\"elementor-widget-wrap elementor-element-populated\">\n\t\t\t\t\t\t<div class=\"elementor-element elementor-element-56e3e71 elementor-widget elementor-widget-image\" data-id=\"56e3e71\" data-element_type=\"widget\" data-e-type=\"widget\" data-widget_type=\"image.default\">\n\t\t\t\t<div class=\"elementor-widget-container\">\n\t\t\t\t\t\t\t\t\t\t\t\t\t\t\t<img decoding=\"async\" width=\"1024\" height=\"1024\" src=\"https:\/\/mackapino.se\/wp-content\/uploads\/2023\/04\/29BC5569-1698-4FA2-9D2E-E778ED57EAE5-1024x1024.jpg\" class=\"attachment-large size-large wp-image-155\" alt=\"\" srcset=\"https:\/\/mackapino.se\/wp-content\/uploads\/2023\/04\/29BC5569-1698-4FA2-9D2E-E778ED57EAE5-1024x1024.jpg 1024w, https:\/\/mackapino.se\/wp-content\/uploads\/2023\/04\/29BC5569-1698-4FA2-9D2E-E778ED57EAE5-300x300.jpg 300w, https:\/\/mackapino.se\/wp-content\/uploads\/2023\/04\/29BC5569-1698-4FA2-9D2E-E778ED57EAE5-150x150.jpg 150w, https:\/\/mackapino.se\/wp-content\/uploads\/2023\/04\/29BC5569-1698-4FA2-9D2E-E778ED57EAE5-768x768.jpg 768w, https:\/\/mackapino.se\/wp-content\/uploads\/2023\/04\/29BC5569-1698-4FA2-9D2E-E778ED57EAE5-600x600.jpg 600w, https:\/\/mackapino.se\/wp-content\/uploads\/2023\/04\/29BC5569-1698-4FA2-9D2E-E778ED57EAE5-100x100.jpg 100w, https:\/\/mackapino.se\/wp-content\/uploads\/2023\/04\/29BC5569-1698-4FA2-9D2E-E778ED57EAE5.jpg 1200w\" sizes=\"(max-width: 1024px) 100vw, 1024px\" \/>\t\t\t\t\t\t\t\t\t\t\t\t\t\t\t<\/div>\n\t\t\t\t<\/div>\n\t\t\t\t\t<\/div>\n\t\t<\/div>\n\t\t\t\t\t<\/div>\n\t\t<\/section>\n\t\t\t\t<section class=\"elementor-section elementor-top-section elementor-element elementor-element-a0e2168 elementor-section-boxed elementor-section-height-default elementor-section-height-default\" data-id=\"a0e2168\" data-element_type=\"section\" data-e-type=\"section\">\n\t\t\t\t\t\t<div class=\"elementor-container elementor-column-gap-default\">\n\t\t\t\t\t<div class=\"elementor-column elementor-col-100 elementor-top-column elementor-element elementor-element-d7ed404\" data-id=\"d7ed404\" data-element_type=\"column\" data-e-type=\"column\">\n\t\t\t<div class=\"elementor-widget-wrap\">\n\t\t\t\t\t\t\t<\/div>\n\t\t<\/div>\n\t\t\t\t\t<\/div>\n\t\t<\/section>\n\t\t\t\t<\/div>\n\t\t","protected":false},"excerpt":{"rendered":"<p>Jag har alltid \u00e4lskat naturen. Det \u00e4r d\u00e4r jag samlar kraft och hittar mycket av min inspiration. De senaste \u00e5ren har jag velat hitta ett s\u00e4tt att jobba med naturen och tillslut resulterade det helt enkelt i tv\u00e5 stycken print. Dessa print visar fantastiska blommor fr\u00e5n en av mina favoritplatser p\u00e5 jorden. \u00d6land!<\/p>\n","protected":false},"author":1,"featured_media":0,"parent":0,"menu_order":0,"comment_status":"closed","ping_status":"closed","template":"","meta":{"footnotes":""},"class_list":["post-27","page","type-page","status-publish","hentry"],"yoast_head":"<!-- This site is optimized with the Yoast SEO plugin v27.5 - https:\/\/yoast.com\/product\/yoast-seo-wordpress\/ -->\n<title>Konst -<\/title>\n<meta name=\"robots\" content=\"index, follow, max-snippet:-1, max-image-preview:large, max-video-preview:-1\" \/>\n<link rel=\"canonical\" href=\"https:\/\/mackapino.se\/?page_id=27\" \/>\n<meta property=\"og:locale\" content=\"sv_SE\" \/>\n<meta property=\"og:type\" content=\"article\" \/>\n<meta property=\"og:title\" content=\"Konst -\" \/>\n<meta property=\"og:description\" content=\"Jag har alltid \u00e4lskat naturen. Det \u00e4r d\u00e4r jag samlar kraft och hittar mycket av min inspiration. De senaste \u00e5ren har jag velat hitta ett s\u00e4tt att jobba med naturen och tillslut resulterade det helt enkelt i tv\u00e5 stycken print. Dessa print visar fantastiska blommor fr\u00e5n en av mina favoritplatser p\u00e5 jorden. \u00d6land!\" \/>\n<meta property=\"og:url\" content=\"https:\/\/mackapino.se\/?page_id=27\" \/>\n<meta property=\"article:modified_time\" content=\"2023-04-14T17:56:25+00:00\" \/>\n<meta property=\"og:image\" content=\"https:\/\/mackapino.se\/wp-content\/uploads\/2023\/04\/B90205BD-19CE-4549-9F41-779C4A10CFBB-1024x1024.jpg\" \/>\n<meta name=\"twitter:card\" content=\"summary_large_image\" \/>\n<meta name=\"twitter:label1\" content=\"Ber\u00e4knad l\u00e4stid\" \/>\n\t<meta name=\"twitter:data1\" content=\"1 minut\" \/>\n<script type=\"application\/ld+json\" class=\"yoast-schema-graph\">{\"@context\":\"https:\\\/\\\/schema.org\",\"@graph\":[{\"@type\":\"WebPage\",\"@id\":\"https:\\\/\\\/mackapino.se\\\/?page_id=27\",\"url\":\"https:\\\/\\\/mackapino.se\\\/?page_id=27\",\"name\":\"Konst -\",\"isPartOf\":{\"@id\":\"https:\\\/\\\/mackapino.se\\\/#website\"},\"primaryImageOfPage\":{\"@id\":\"https:\\\/\\\/mackapino.se\\\/?page_id=27#primaryimage\"},\"image\":{\"@id\":\"https:\\\/\\\/mackapino.se\\\/?page_id=27#primaryimage\"},\"thumbnailUrl\":\"https:\\\/\\\/mackapino.se\\\/wp-content\\\/uploads\\\/2023\\\/04\\\/B90205BD-19CE-4549-9F41-779C4A10CFBB-1024x1024.jpg\",\"datePublished\":\"2022-11-27T19:35:21+00:00\",\"dateModified\":\"2023-04-14T17:56:25+00:00\",\"breadcrumb\":{\"@id\":\"https:\\\/\\\/mackapino.se\\\/?page_id=27#breadcrumb\"},\"inLanguage\":\"sv-SE\",\"potentialAction\":[{\"@type\":\"ReadAction\",\"target\":[\"https:\\\/\\\/mackapino.se\\\/?page_id=27\"]}]},{\"@type\":\"ImageObject\",\"inLanguage\":\"sv-SE\",\"@id\":\"https:\\\/\\\/mackapino.se\\\/?page_id=27#primaryimage\",\"url\":\"https:\\\/\\\/mackapino.se\\\/wp-content\\\/uploads\\\/2023\\\/04\\\/B90205BD-19CE-4549-9F41-779C4A10CFBB.jpg\",\"contentUrl\":\"https:\\\/\\\/mackapino.se\\\/wp-content\\\/uploads\\\/2023\\\/04\\\/B90205BD-19CE-4549-9F41-779C4A10CFBB.jpg\",\"width\":1200,\"height\":1200},{\"@type\":\"BreadcrumbList\",\"@id\":\"https:\\\/\\\/mackapino.se\\\/?page_id=27#breadcrumb\",\"itemListElement\":[{\"@type\":\"ListItem\",\"position\":1,\"name\":\"Hem\",\"item\":\"https:\\\/\\\/mackapino.se\\\/\"},{\"@type\":\"ListItem\",\"position\":2,\"name\":\"Konst\"}]},{\"@type\":\"WebSite\",\"@id\":\"https:\\\/\\\/mackapino.se\\\/#website\",\"url\":\"https:\\\/\\\/mackapino.se\\\/\",\"name\":\"\",\"description\":\"\",\"potentialAction\":[{\"@type\":\"SearchAction\",\"target\":{\"@type\":\"EntryPoint\",\"urlTemplate\":\"https:\\\/\\\/mackapino.se\\\/?s={search_term_string}\"},\"query-input\":{\"@type\":\"PropertyValueSpecification\",\"valueRequired\":true,\"valueName\":\"search_term_string\"}}],\"inLanguage\":\"sv-SE\"}]}<\/script>\n<!-- \/ Yoast SEO plugin. -->","yoast_head_json":{"title":"Konst -","robots":{"index":"index","follow":"follow","max-snippet":"max-snippet:-1","max-image-preview":"max-image-preview:large","max-video-preview":"max-video-preview:-1"},"canonical":"https:\/\/mackapino.se\/?page_id=27","og_locale":"sv_SE","og_type":"article","og_title":"Konst -","og_description":"Jag har alltid \u00e4lskat naturen. Det \u00e4r d\u00e4r jag samlar kraft och hittar mycket av min inspiration. De senaste \u00e5ren har jag velat hitta ett s\u00e4tt att jobba med naturen och tillslut resulterade det helt enkelt i tv\u00e5 stycken print. Dessa print visar fantastiska blommor fr\u00e5n en av mina favoritplatser p\u00e5 jorden. \u00d6land!","og_url":"https:\/\/mackapino.se\/?page_id=27","article_modified_time":"2023-04-14T17:56:25+00:00","og_image":[{"url":"https:\/\/mackapino.se\/wp-content\/uploads\/2023\/04\/B90205BD-19CE-4549-9F41-779C4A10CFBB-1024x1024.jpg","type":"","width":"","height":""}],"twitter_card":"summary_large_image","twitter_misc":{"Ber\u00e4knad l\u00e4stid":"1 minut"},"schema":{"@context":"https:\/\/schema.org","@graph":[{"@type":"WebPage","@id":"https:\/\/mackapino.se\/?page_id=27","url":"https:\/\/mackapino.se\/?page_id=27","name":"Konst -","isPartOf":{"@id":"https:\/\/mackapino.se\/#website"},"primaryImageOfPage":{"@id":"https:\/\/mackapino.se\/?page_id=27#primaryimage"},"image":{"@id":"https:\/\/mackapino.se\/?page_id=27#primaryimage"},"thumbnailUrl":"https:\/\/mackapino.se\/wp-content\/uploads\/2023\/04\/B90205BD-19CE-4549-9F41-779C4A10CFBB-1024x1024.jpg","datePublished":"2022-11-27T19:35:21+00:00","dateModified":"2023-04-14T17:56:25+00:00","breadcrumb":{"@id":"https:\/\/mackapino.se\/?page_id=27#breadcrumb"},"inLanguage":"sv-SE","potentialAction":[{"@type":"ReadAction","target":["https:\/\/mackapino.se\/?page_id=27"]}]},{"@type":"ImageObject","inLanguage":"sv-SE","@id":"https:\/\/mackapino.se\/?page_id=27#primaryimage","url":"https:\/\/mackapino.se\/wp-content\/uploads\/2023\/04\/B90205BD-19CE-4549-9F41-779C4A10CFBB.jpg","contentUrl":"https:\/\/mackapino.se\/wp-content\/uploads\/2023\/04\/B90205BD-19CE-4549-9F41-779C4A10CFBB.jpg","width":1200,"height":1200},{"@type":"BreadcrumbList","@id":"https:\/\/mackapino.se\/?page_id=27#breadcrumb","itemListElement":[{"@type":"ListItem","position":1,"name":"Hem","item":"https:\/\/mackapino.se\/"},{"@type":"ListItem","position":2,"name":"Konst"}]},{"@type":"WebSite","@id":"https:\/\/mackapino.se\/#website","url":"https:\/\/mackapino.se\/","name":"","description":"","potentialAction":[{"@type":"SearchAction","target":{"@type":"EntryPoint","urlTemplate":"https:\/\/mackapino.se\/?s={search_term_string}"},"query-input":{"@type":"PropertyValueSpecification","valueRequired":true,"valueName":"search_term_string"}}],"inLanguage":"sv-SE"}]}},"_links":{"self":[{"href":"https:\/\/mackapino.se\/index.php?rest_route=\/wp\/v2\/pages\/27","targetHints":{"allow":["GET"]}}],"collection":[{"href":"https:\/\/mackapino.se\/index.php?rest_route=\/wp\/v2\/pages"}],"about":[{"href":"https:\/\/mackapino.se\/index.php?rest_route=\/wp\/v2\/types\/page"}],"author":[{"embeddable":true,"href":"https:\/\/mackapino.se\/index.php?rest_route=\/wp\/v2\/users\/1"}],"replies":[{"embeddable":true,"href":"https:\/\/mackapino.se\/index.php?rest_route=%2Fwp%2Fv2%2Fcomments&post=27"}],"version-history":[{"count":14,"href":"https:\/\/mackapino.se\/index.php?rest_route=\/wp\/v2\/pages\/27\/revisions"}],"predecessor-version":[{"id":163,"href":"https:\/\/mackapino.se\/index.php?rest_route=\/wp\/v2\/pages\/27\/revisions\/163"}],"wp:attachment":[{"href":"https:\/\/mackapino.se\/index.php?rest_route=%2Fwp%2Fv2%2Fmedia&parent=27"}],"curies":[{"name":"wp","href":"https:\/\/api.w.org\/{rel}","templated":true}]}}